{"id":1320,"date":"2022-12-12T21:22:59","date_gmt":"2022-12-12T21:22:59","guid":{"rendered":"https:\/\/aginyers.hu\/?page_id=1320"},"modified":"2023-01-04T08:18:01","modified_gmt":"2023-01-04T08:18:01","slug":"muszempilla-leiras","status":"publish","type":"page","link":"https:\/\/aginyers.hu\/?page_id=1320","title":{"rendered":"M\u0171szempilla Le\u00edr\u00e1s"},"content":{"rendered":"\t\t<div data-elementor-type=\"wp-page\" data-elementor-id=\"1320\" class=\"elementor elementor-1320\">\n\t\t\t\t\t\t<section class=\"elementor-section elementor-top-section elementor-element elementor-element-7dae45f elementor-section-boxed elementor-section-height-default elementor-section-height-default\" data-id=\"7dae45f\" data-element_type=\"section\">\n\t\t\t\t\t\t<div class=\"elementor-container elementor-column-gap-default\">\n\t\t\t\t\t<div class=\"elementor-column elementor-col-100 elementor-top-column elementor-element elementor-element-faaf8ce\" data-id=\"faaf8ce\" data-element_type=\"column\">\n\t\t\t<div class=\"elementor-widget-wrap elementor-element-populated\">\n\t\t\t\t\t\t<div class=\"elementor-element elementor-element-e0f40b8 elementor-widget elementor-widget-heading\" data-id=\"e0f40b8\" data-element_type=\"widget\" data-widget_type=\"heading.default\">\n\t\t\t\t\t<h2 class=\"elementor-heading-title elementor-size-xl\">M\u0171szempilla<\/h2>\t\t\t\t<\/div>\n\t\t\t\t\t<\/div>\n\t\t<\/div>\n\t\t\t\t\t<\/div>\n\t\t<\/section>\n\t\t\t\t<section class=\"elementor-section elementor-top-section elementor-element elementor-element-ea3c074 elementor-section-boxed elementor-section-height-default elementor-section-height-default\" data-id=\"ea3c074\" data-element_type=\"section\">\n\t\t\t\t\t\t<div class=\"elementor-container elementor-column-gap-default\">\n\t\t\t\t\t<div class=\"elementor-column elementor-col-100 elementor-top-column elementor-element elementor-element-491ef1d\" data-id=\"491ef1d\" data-element_type=\"column\">\n\t\t\t<div class=\"elementor-widget-wrap elementor-element-populated\">\n\t\t\t\t\t\t<div class=\"elementor-element elementor-element-47ab5c2 elementor-widget elementor-widget-spacer\" data-id=\"47ab5c2\" data-element_type=\"widget\" data-widget_type=\"spacer.default\">\n\t\t\t\t\t\t\t<div class=\"elementor-spacer\">\n\t\t\t<div class=\"elementor-spacer-inner\"><\/div>\n\t\t<\/div>\n\t\t\t\t\t\t<\/div>\n\t\t\t\t\t<\/div>\n\t\t<\/div>\n\t\t\t\t\t<\/div>\n\t\t<\/section>\n\t\t\t\t<section class=\"elementor-section elementor-top-section elementor-element elementor-element-c00ef38 elementor-section-boxed elementor-section-height-default elementor-section-height-default\" data-id=\"c00ef38\" data-element_type=\"section\">\n\t\t\t\t\t\t<div class=\"elementor-container elementor-column-gap-default\">\n\t\t\t\t\t<div class=\"elementor-column elementor-col-100 elementor-top-column elementor-element elementor-element-64cdd8b\" data-id=\"64cdd8b\" data-element_type=\"column\">\n\t\t\t<div class=\"elementor-widget-wrap elementor-element-populated\">\n\t\t\t\t\t\t<div class=\"elementor-element elementor-element-a9ab8d0 elementor-widget elementor-widget-text-editor\" data-id=\"a9ab8d0\" data-element_type=\"widget\" data-widget_type=\"text-editor.default\">\n\t\t\t\t\t\t\t\t\t<p>1D -t\u0151l a 4D -ig \u00e9p\u00edtek m\u0171szempill\u00e1t, v\u00e1ltoz\u00f3 vastags\u00e1gban (0.07mm, 0.10mm, 0.15mm), hossz\u00fas\u00e1gban (7mm, -14mm), \u00edvben (C \u00edv, D \u00edv) <br \/>Sz\u00ednes pill\u00e1k is k\u00e9rhet\u0151k el\u0151re egyeztetve!<\/p><p><span class=\"x4k7w5x x1h91t0o x1h9r5lt xv2umb2 x1beo9mf xaigb6o x12ejxvf x3igimt xarpa2k xedcshv x1lytzrv x1t2pt76 x7ja8zs x1qrby5j x1jfb8zj\">Ah\u00e1ny &#8222;D&#8221; annyi pilla van a saj\u00e1t pill\u00e1n, d\u00fasabb hat\u00e1s\u00fa lesz. Saj\u00e1t pilla m\u00e9ret is lehet, m\u00e1r az is l\u00e1tv\u00e1nyos lesz, mert v\u00e9gig feket\u00e9k a pill\u00e1k, \u00e9s \u00edveltebbek, mint a saj\u00e1tunk. Ha k\u00f6zel van a saj\u00e1t m\u00e9rethez, akkor tart\u00f3sabban fent marad.<\/span><\/p><p>Mert ak\u00e1rhogy vigy\u00e1zunk r\u00e1juk, t\u00f6lt\u00e9sre van sz\u00fcks\u00e9g (ez emberekn\u00e9l v\u00e1ltoz\u00f3 lehet) . <br \/>Heti t\u00f6lt\u00e9sek vannak, \u00e1ltal\u00e1ban 3 &#8211; 4 hetes t\u00f6lt\u00e9s az ide\u00e1lis. <br \/>Ett\u0151l lehet elt\u00e9r\u00e9s, hiszen az intenz\u00edv sport, sok k\u00f6nny, wellnes, plusz smink, olajosabb kr\u00e9mek, a nem oda figyelt \u00e1pol\u00e1s, ig\u00e9nybe veszi a pill\u00e1kat.<br \/>24 \u00f3r\u00e1ig ut\u00e1na c\u00e9lszer\u0171 ha nem \u00e9ri v\u00edz, g\u0151z, p\u00e1ra. <br \/>Naponta aj\u00e1nlott f\u00e9s\u00fclni, ami form\u00e1ba hozza, \u00e9s vele k\u00f6nnyebb a kezel\u00e9se.<\/p>\t\t\t\t\t\t\t\t<\/div>\n\t\t\t\t\t<\/div>\n\t\t<\/div>\n\t\t\t\t\t<\/div>\n\t\t<\/section>\n\t\t\t\t<\/div>\n\t\t","protected":false},"excerpt":{"rendered":"<p>M\u0171szempilla 1D -t\u0151l a 4D -ig \u00e9p\u00edtek m\u0171szempill\u00e1t, v\u00e1ltoz\u00f3 vastags\u00e1gban (0.07mm, 0.10mm, 0.15mm), hossz\u00fas\u00e1gban (7mm, -14mm), \u00edvben (C \u00edv, D \u00edv) Sz\u00ednes pill\u00e1k is k\u00e9rhet\u0151k el\u0151re egyeztetve! Ah\u00e1ny &#8222;D&#8221; annyi pilla van a saj\u00e1t pill\u00e1n, d\u00fasabb hat\u00e1s\u00fa lesz. Saj\u00e1t pilla m\u00e9ret is lehet, m\u00e1r az is l\u00e1tv\u00e1nyos lesz, mert v\u00e9gig feket\u00e9k a pill\u00e1k, \u00e9s \u00edveltebbek, [&hellip;]<\/p>\n","protected":false},"author":3,"featured_media":0,"parent":0,"menu_order":0,"comment_status":"closed","ping_status":"closed","template":"","meta":{"footnotes":""},"class_list":["post-1320","page","type-page","status-publish","hentry","entry"],"_links":{"self":[{"href":"https:\/\/aginyers.hu\/index.php?rest_route=\/wp\/v2\/pages\/1320","targetHints":{"allow":["GET"]}}],"collection":[{"href":"https:\/\/aginyers.hu\/index.php?rest_route=\/wp\/v2\/pages"}],"about":[{"href":"https:\/\/aginyers.hu\/index.php?rest_route=\/wp\/v2\/types\/page"}],"author":[{"embeddable":true,"href":"https:\/\/aginyers.hu\/index.php?rest_route=\/wp\/v2\/users\/3"}],"replies":[{"embeddable":true,"href":"https:\/\/aginyers.hu\/index.php?rest_route=%2Fwp%2Fv2%2Fcomments&post=1320"}],"version-history":[{"count":14,"href":"https:\/\/aginyers.hu\/index.php?rest_route=\/wp\/v2\/pages\/1320\/revisions"}],"predecessor-version":[{"id":1838,"href":"https:\/\/aginyers.hu\/index.php?rest_route=\/wp\/v2\/pages\/1320\/revisions\/1838"}],"wp:attachment":[{"href":"https:\/\/aginyers.hu\/index.php?rest_route=%2Fwp%2Fv2%2Fmedia&parent=1320"}],"curies":[{"name":"wp","href":"https:\/\/api.w.org\/{rel}","templated":true}]}}