{"id":1333,"date":"2022-12-12T21:27:34","date_gmt":"2022-12-12T21:27:34","guid":{"rendered":"https:\/\/aginyers.hu\/?page_id=1333"},"modified":"2023-01-05T21:26:44","modified_gmt":"2023-01-05T21:26:44","slug":"smink-tetovalas-leiras","status":"publish","type":"page","link":"https:\/\/aginyers.hu\/?page_id=1333","title":{"rendered":"Smink tetov\u00e1l\u00e1s le\u00edr\u00e1s"},"content":{"rendered":"\t\t<div data-elementor-type=\"wp-page\" data-elementor-id=\"1333\" class=\"elementor elementor-1333\">\n\t\t\t\t\t\t<section class=\"elementor-section elementor-top-section elementor-element elementor-element-2122dd9 elementor-section-boxed elementor-section-height-default elementor-section-height-default\" data-id=\"2122dd9\" data-element_type=\"section\">\n\t\t\t\t\t\t<div class=\"elementor-container elementor-column-gap-default\">\n\t\t\t\t\t<div class=\"elementor-column elementor-col-100 elementor-top-column elementor-element elementor-element-4f5959c\" data-id=\"4f5959c\" data-element_type=\"column\">\n\t\t\t<div class=\"elementor-widget-wrap elementor-element-populated\">\n\t\t\t\t\t\t<div class=\"elementor-element elementor-element-f91ef26 elementor-widget elementor-widget-heading\" data-id=\"f91ef26\" data-element_type=\"widget\" data-widget_type=\"heading.default\">\n\t\t\t\t\t<h2 class=\"elementor-heading-title elementor-size-xl\">Smink tetov\u00e1l\u00e1s,\nSzem\u00f6ld\u00f6k sz\u00e1las, sat\u00edrozott, \nSzemh\u00e9j szempilla s\u0171r\u00edt\u00e9s,\nSz\u00e1j tetov\u00e1l\u00e1s\n<\/h2>\t\t\t\t<\/div>\n\t\t\t\t\t<\/div>\n\t\t<\/div>\n\t\t\t\t\t<\/div>\n\t\t<\/section>\n\t\t\t\t<section class=\"elementor-section elementor-top-section elementor-element elementor-element-7245d63 elementor-section-boxed elementor-section-height-default elementor-section-height-default\" data-id=\"7245d63\" data-element_type=\"section\">\n\t\t\t\t\t\t<div class=\"elementor-container elementor-column-gap-default\">\n\t\t\t\t\t<div class=\"elementor-column elementor-col-100 elementor-top-column elementor-element elementor-element-5da8082\" data-id=\"5da8082\" data-element_type=\"column\">\n\t\t\t<div class=\"elementor-widget-wrap elementor-element-populated\">\n\t\t\t\t\t\t<div class=\"elementor-element elementor-element-91050ea elementor-widget elementor-widget-spacer\" data-id=\"91050ea\" data-element_type=\"widget\" data-widget_type=\"spacer.default\">\n\t\t\t\t\t\t\t<div class=\"elementor-spacer\">\n\t\t\t<div class=\"elementor-spacer-inner\"><\/div>\n\t\t<\/div>\n\t\t\t\t\t\t<\/div>\n\t\t\t\t\t<\/div>\n\t\t<\/div>\n\t\t\t\t\t<\/div>\n\t\t<\/section>\n\t\t\t\t<section class=\"elementor-section elementor-top-section elementor-element elementor-element-9561bf8 elementor-section-boxed elementor-section-height-default elementor-section-height-default\" data-id=\"9561bf8\" data-element_type=\"section\">\n\t\t\t\t\t\t<div class=\"elementor-container elementor-column-gap-default\">\n\t\t\t\t\t<div class=\"elementor-column elementor-col-100 elementor-top-column elementor-element elementor-element-cd34b1c\" data-id=\"cd34b1c\" data-element_type=\"column\">\n\t\t\t<div class=\"elementor-widget-wrap elementor-element-populated\">\n\t\t\t\t\t\t<div class=\"elementor-element elementor-element-fd3f6f5 elementor-widget elementor-widget-text-editor\" data-id=\"fd3f6f5\" data-element_type=\"widget\" data-widget_type=\"text-editor.default\">\n\t\t\t\t\t\t\t\t\t<p>Szem\u00f6ld\u00f6k sz\u00ednez\u00e9se lehet l\u00e1tv\u00e1nyos \u00e9s visszafogott term\u00e9szetes is. Szerencs\u00e9re egyre jobban megy\u00fcnk a term\u00e9szetes fel\u00e9, a saj\u00e1t szem\u00f6ld\u00f6k sz\u00e1lak al\u00e1 tetov\u00e1lunk. <br \/>Kev\u00e9s id\u0151nk miatt, sp\u00f3rolni akarunk evvel is,<\/p><p>Felkel\u00fcnk \u00e9s k\u00e9sz: <br \/>szem\u00f6ld\u00f6k\u00fcnk term\u00e9szetes barna, sz\u00e9p \u00edvvel, <br \/>szemh\u00e9j kiemelve szempilla s\u0171r\u00edt\u0151 vonallal, vagy egy sat\u00edozott tus vonallal<br \/>Mind emellett egyre t\u00f6bben a <br \/>sz\u00e1j sz\u00ednez\u00e9s\u00e9t is betervezik, (ami m\u00e1r lehet term\u00e9szetes, nat\u00far, saj\u00e1t sz\u00edn is) \u00edgy teljes a k\u00e9p.<\/p><p>Kieg\u00e9sz\u00edt\u00e9s, jav\u00edt\u00e1s miatt egyre jobban van sz\u00fcks\u00e9g a sminktetov\u00e1l\u00e1sra. <br \/>Kihullott sz\u0151rsz\u00e1l, nem szimmetrikus kin\u00e9zett, (amit nem is biztos, hogy el kell \u00e9rni, de t\u00f6rekedni lehet r\u00e1) <br \/>Sz\u00e1j sz\u00edn halv\u00e1nyod\u00e1s \u00e9s sz\u00e1jsz\u00e9l\u00e9nek elt\u0171n\u00e9s miatt. <br \/>\u00d6nbizalmat n\u00f6velhet\u00fcnk vele.<\/p><p>El\u0151tte vigy\u00e1zzunk a b\u0151rre, ne \u00e9gjen le, ne koptassuk, hidrat\u00e1ljuk a b\u0151rt. <br \/>Ut\u00e1na 1-2 h\u00e9tig ne \u00e9rje v\u00edz, g\u0151z, ne kapargassuk, gy\u00f3gyuljon rendesen meg. <br \/>1 h\u00f3nap a regener\u00e1l\u00f3d\u00e1s ut\u00e1na 3 h\u00f3napig c\u00e9lszer\u0171 korrekci\u00f3t v\u00e9gezni, hogy tart\u00f3sabb legyen \u00e9s kieg\u00e9sz\u00edt\u00e9st elv\u00e9gezni ha sz\u00fcks\u00e9ges. <br \/>Ut\u00f3 \u00e1pol\u00f3val (kezel\u00e9s v\u00e9g\u00e9n adok) sz\u00fcks\u00e9ges naponta kezelni<\/p>\t\t\t\t\t\t\t\t<\/div>\n\t\t\t\t\t<\/div>\n\t\t<\/div>\n\t\t\t\t\t<\/div>\n\t\t<\/section>\n\t\t\t\t<\/div>\n\t\t","protected":false},"excerpt":{"rendered":"<p>Smink tetov\u00e1l\u00e1s, Szem\u00f6ld\u00f6k sz\u00e1las, sat\u00edrozott, Szemh\u00e9j szempilla s\u0171r\u00edt\u00e9s, Sz\u00e1j tetov\u00e1l\u00e1s Szem\u00f6ld\u00f6k sz\u00ednez\u00e9se lehet l\u00e1tv\u00e1nyos \u00e9s visszafogott term\u00e9szetes is. Szerencs\u00e9re egyre jobban megy\u00fcnk a term\u00e9szetes fel\u00e9, a saj\u00e1t szem\u00f6ld\u00f6k sz\u00e1lak al\u00e1 tetov\u00e1lunk. Kev\u00e9s id\u0151nk miatt, sp\u00f3rolni akarunk evvel is, Felkel\u00fcnk \u00e9s k\u00e9sz: szem\u00f6ld\u00f6k\u00fcnk term\u00e9szetes barna, sz\u00e9p \u00edvvel, szemh\u00e9j kiemelve szempilla s\u0171r\u00edt\u0151 vonallal, vagy egy sat\u00edozott tus [&hellip;]<\/p>\n","protected":false},"author":3,"featured_media":0,"parent":0,"menu_order":0,"comment_status":"closed","ping_status":"closed","template":"","meta":{"footnotes":""},"class_list":["post-1333","page","type-page","status-publish","hentry","entry"],"_links":{"self":[{"href":"https:\/\/aginyers.hu\/index.php?rest_route=\/wp\/v2\/pages\/1333","targetHints":{"allow":["GET"]}}],"collection":[{"href":"https:\/\/aginyers.hu\/index.php?rest_route=\/wp\/v2\/pages"}],"about":[{"href":"https:\/\/aginyers.hu\/index.php?rest_route=\/wp\/v2\/types\/page"}],"author":[{"embeddable":true,"href":"https:\/\/aginyers.hu\/index.php?rest_route=\/wp\/v2\/users\/3"}],"replies":[{"embeddable":true,"href":"https:\/\/aginyers.hu\/index.php?rest_route=%2Fwp%2Fv2%2Fcomments&post=1333"}],"version-history":[{"count":22,"href":"https:\/\/aginyers.hu\/index.php?rest_route=\/wp\/v2\/pages\/1333\/revisions"}],"predecessor-version":[{"id":1863,"href":"https:\/\/aginyers.hu\/index.php?rest_route=\/wp\/v2\/pages\/1333\/revisions\/1863"}],"wp:attachment":[{"href":"https:\/\/aginyers.hu\/index.php?rest_route=%2Fwp%2Fv2%2Fmedia&parent=1333"}],"curies":[{"name":"wp","href":"https:\/\/api.w.org\/{rel}","templated":true}]}}