{"id":420,"date":"2016-11-29T01:21:42","date_gmt":"2016-11-29T01:21:42","guid":{"rendered":"https:\/\/oceanwp.org\/stylish\/?page_id=35"},"modified":"2025-07-26T10:01:23","modified_gmt":"2025-07-26T10:01:23","slug":"about","status":"publish","type":"page","link":"https:\/\/aginyers.hu\/?page_id=420","title":{"rendered":"R\u00f3lam"},"content":{"rendered":"\t\t<div data-elementor-type=\"wp-post\" data-elementor-id=\"420\" class=\"elementor elementor-420\">\n\t\t\t\t\t\t<section class=\"elementor-section elementor-top-section elementor-element elementor-element-0d6af29 elementor-section-boxed elementor-section-height-default elementor-section-height-default\" data-id=\"0d6af29\" data-element_type=\"section\">\n\t\t\t\t\t\t<div class=\"elementor-container elementor-column-gap-default\">\n\t\t\t\t\t<div class=\"elementor-column elementor-col-100 elementor-top-column elementor-element elementor-element-d8f0515\" data-id=\"d8f0515\" data-element_type=\"column\">\n\t\t\t<div class=\"elementor-widget-wrap elementor-element-populated\">\n\t\t\t\t\t\t<div class=\"elementor-element elementor-element-5038766 elementor-widget elementor-widget-heading\" data-id=\"5038766\" data-element_type=\"widget\" data-widget_type=\"heading.default\">\n\t\t\t\t\t<h1 class=\"elementor-heading-title elementor-size-xxl\">R\u00f3lam<\/h1>\t\t\t\t<\/div>\n\t\t\t\t\t<\/div>\n\t\t<\/div>\n\t\t\t\t\t<\/div>\n\t\t<\/section>\n\t\t\t\t<section class=\"elementor-section elementor-top-section elementor-element elementor-element-44763c0 elementor-section-boxed elementor-section-height-default elementor-section-height-default\" data-id=\"44763c0\" data-element_type=\"section\">\n\t\t\t\t\t\t<div class=\"elementor-container elementor-column-gap-default\">\n\t\t\t\t\t<div class=\"elementor-column elementor-col-100 elementor-top-column elementor-element elementor-element-58cbea4\" data-id=\"58cbea4\" data-element_type=\"column\">\n\t\t\t<div class=\"elementor-widget-wrap elementor-element-populated\">\n\t\t\t\t\t\t<div class=\"elementor-element elementor-element-65b6d45 elementor-widget elementor-widget-spacer\" data-id=\"65b6d45\" data-element_type=\"widget\" data-widget_type=\"spacer.default\">\n\t\t\t\t\t\t\t<div class=\"elementor-spacer\">\n\t\t\t<div class=\"elementor-spacer-inner\"><\/div>\n\t\t<\/div>\n\t\t\t\t\t\t<\/div>\n\t\t\t\t\t<\/div>\n\t\t<\/div>\n\t\t\t\t\t<\/div>\n\t\t<\/section>\n\t\t\t\t<section class=\"elementor-section elementor-top-section elementor-element elementor-element-qflue6d elementor-section-height-min-height elementor-section-full_width elementor-section-stretched elementor-section-height-default elementor-section-items-middle\" data-id=\"qflue6d\" data-element_type=\"section\" data-settings=\"{&quot;background_background&quot;:&quot;classic&quot;,&quot;stretch_section&quot;:&quot;section-stretched&quot;}\">\n\t\t\t\t\t\t\t<div class=\"elementor-background-overlay\"><\/div>\n\t\t\t\t\t\t\t<div class=\"elementor-container elementor-column-gap-default\">\n\t\t\t\t\t<div class=\"elementor-column elementor-col-100 elementor-top-column elementor-element elementor-element-d370te9\" data-id=\"d370te9\" data-element_type=\"column\">\n\t\t\t<div class=\"elementor-widget-wrap\">\n\t\t\t\t\t\t\t<\/div>\n\t\t<\/div>\n\t\t\t\t\t<\/div>\n\t\t<\/section>\n\t\t\t\t<section class=\"elementor-section elementor-top-section elementor-element elementor-element-48aa9da elementor-section-boxed elementor-section-height-default elementor-section-height-default\" data-id=\"48aa9da\" data-element_type=\"section\">\n\t\t\t\t\t\t<div class=\"elementor-container elementor-column-gap-default\">\n\t\t\t\t\t<div class=\"elementor-column elementor-col-50 elementor-top-column elementor-element elementor-element-0fc19eb\" data-id=\"0fc19eb\" data-element_type=\"column\" data-settings=\"{&quot;background_background&quot;:&quot;classic&quot;}\">\n\t\t\t<div class=\"elementor-widget-wrap elementor-element-populated\">\n\t\t\t\t\t\t<div class=\"elementor-element elementor-element-113c8ca e-transform elementor-widget elementor-widget-image\" data-id=\"113c8ca\" data-element_type=\"widget\" data-settings=\"{&quot;_transform_translateX_effect&quot;:{&quot;unit&quot;:&quot;px&quot;,&quot;size&quot;:37,&quot;sizes&quot;:[]},&quot;_transform_translateY_effect&quot;:{&quot;unit&quot;:&quot;px&quot;,&quot;size&quot;:-37,&quot;sizes&quot;:[]},&quot;_transform_translateX_effect_mobile&quot;:{&quot;unit&quot;:&quot;px&quot;,&quot;size&quot;:0,&quot;sizes&quot;:[]},&quot;_transform_translateY_effect_mobile&quot;:{&quot;unit&quot;:&quot;px&quot;,&quot;size&quot;:-61,&quot;sizes&quot;:[]},&quot;_transform_translateX_effect_tablet&quot;:{&quot;unit&quot;:&quot;px&quot;,&quot;size&quot;:&quot;&quot;,&quot;sizes&quot;:[]},&quot;_transform_translateY_effect_tablet&quot;:{&quot;unit&quot;:&quot;px&quot;,&quot;size&quot;:&quot;&quot;,&quot;sizes&quot;:[]}}\" data-widget_type=\"image.default\">\n\t\t\t\t\t\t\t\t\t\t\t\t\t\t\t<img fetchpriority=\"high\" decoding=\"async\" width=\"768\" height=\"768\" src=\"https:\/\/aginyers.hu\/wp-content\/uploads\/2025\/07\/unnamed1-768x768.jpg\" class=\"attachment-medium_large size-medium_large wp-image-3833\" alt=\"\" srcset=\"https:\/\/aginyers.hu\/wp-content\/uploads\/2025\/07\/unnamed1-768x768.jpg 768w, https:\/\/aginyers.hu\/wp-content\/uploads\/2025\/07\/unnamed1-300x300.jpg 300w, https:\/\/aginyers.hu\/wp-content\/uploads\/2025\/07\/unnamed1-150x150.jpg 150w, https:\/\/aginyers.hu\/wp-content\/uploads\/2025\/07\/unnamed1-600x600.jpg 600w, https:\/\/aginyers.hu\/wp-content\/uploads\/2025\/07\/unnamed1.jpg 935w\" sizes=\"(max-width: 768px) 100vw, 768px\" \/>\t\t\t\t\t\t\t\t\t\t\t\t\t\t\t<\/div>\n\t\t\t\t\t<\/div>\n\t\t<\/div>\n\t\t\t\t<div class=\"elementor-column elementor-col-50 elementor-top-column elementor-element elementor-element-ff2447c\" data-id=\"ff2447c\" data-element_type=\"column\">\n\t\t\t<div class=\"elementor-widget-wrap elementor-element-populated\">\n\t\t\t\t\t\t<div class=\"elementor-element elementor-element-f9c576f elementor-widget elementor-widget-heading\" data-id=\"f9c576f\" data-element_type=\"widget\" data-widget_type=\"heading.default\">\n\t\t\t\t\t<h2 class=\"elementor-heading-title elementor-size-default\">Kozmetikus<\/h2>\t\t\t\t<\/div>\n\t\t\t\t<div class=\"elementor-element elementor-element-a59ebe4 elementor-widget-divider--view-line elementor-widget elementor-widget-divider\" data-id=\"a59ebe4\" data-element_type=\"widget\" data-widget_type=\"divider.default\">\n\t\t\t\t\t\t\t<div class=\"elementor-divider\">\n\t\t\t<span class=\"elementor-divider-separator\">\n\t\t\t\t\t\t<\/span>\n\t\t<\/div>\n\t\t\t\t\t\t<\/div>\n\t\t\t\t<div class=\"elementor-element elementor-element-b20727d elementor-widget elementor-widget-text-editor\" data-id=\"b20727d\" data-element_type=\"widget\" data-widget_type=\"text-editor.default\">\n\t\t\t\t\t\t\t\t\t<p>Nyers \u00c1gnes vagyok, t\u00f6bb mint t\u00edz \u00e9ve kozmetikusk\u00e9nt dolgozom. Szeretem a szakm\u00e1m, folyamatosan k\u00e9pzem magam a kozmetika ter\u00fcletein bel\u00fcl, figyelem az \u00faj\u00edt\u00e1sokat, de ami j\u00f3 \u00e9s bev\u00e1lt igyekszem megtartani!\u00a0<\/p>\t\t\t\t\t\t\t\t<\/div>\n\t\t\t\t<div class=\"elementor-element elementor-element-ccc677b elementor-align-center elementor-widget elementor-widget-button\" data-id=\"ccc677b\" data-element_type=\"widget\" data-widget_type=\"button.default\">\n\t\t\t\t\t\t\t\t\t\t<a class=\"elementor-button elementor-button-link elementor-size-xs\" href=\"https:\/\/aginyers.hu\/?page_id=82\" target=\"_blank\">\n\t\t\t\t\t\t<span class=\"elementor-button-content-wrapper\">\n\t\t\t\t\t\t\t\t\t<span class=\"elementor-button-text\">Keress b\u00e1tran<\/span>\n\t\t\t\t\t<\/span>\n\t\t\t\t\t<\/a>\n\t\t\t\t\t\t\t\t<\/div>\n\t\t\t\t\t<\/div>\n\t\t<\/div>\n\t\t\t\t\t<\/div>\n\t\t<\/section>\n\t\t\t\t<section class=\"elementor-section elementor-top-section elementor-element elementor-element-tkml1zg elementor-section-boxed elementor-section-height-default elementor-section-height-default\" data-id=\"tkml1zg\" data-element_type=\"section\">\n\t\t\t\t\t\t<div class=\"elementor-container elementor-column-gap-default\">\n\t\t\t\t\t<div class=\"elementor-column elementor-col-100 elementor-top-column elementor-element elementor-element-97j26r1\" data-id=\"97j26r1\" data-element_type=\"column\">\n\t\t\t<div class=\"elementor-widget-wrap elementor-element-populated\">\n\t\t\t\t\t\t<div class=\"elementor-element elementor-element-9ztptpn elementor-widget elementor-widget-heading\" data-id=\"9ztptpn\" data-element_type=\"widget\" data-widget_type=\"heading.default\">\n\t\t\t\t\t<h2 class=\"elementor-heading-title elementor-size-default\">Ki vagyok \u00e9n?<\/h2>\t\t\t\t<\/div>\n\t\t\t\t<section class=\"elementor-section elementor-inner-section elementor-element elementor-element-d4wxxd4 elementor-section-content-middle elementor-section-boxed elementor-section-height-default elementor-section-height-default\" data-id=\"d4wxxd4\" data-element_type=\"section\">\n\t\t\t\t\t\t<div class=\"elementor-container elementor-column-gap-default\">\n\t\t\t\t\t<div class=\"elementor-column elementor-col-100 elementor-inner-column elementor-element elementor-element-p1vugkz\" data-id=\"p1vugkz\" data-element_type=\"column\">\n\t\t\t<div class=\"elementor-widget-wrap elementor-element-populated\">\n\t\t\t\t\t\t<div class=\"elementor-element elementor-element-u2ig30t elementor-widget elementor-widget-text-editor\" data-id=\"u2ig30t\" data-element_type=\"widget\" data-widget_type=\"text-editor.default\">\n\t\t\t\t\t\t\t\t\t<p>2010ben v\u00e9geztem mint kozmetikus, P\u00e9csen. Itt kezdtem a munk\u00e1t is, de \u00e9reztem hogy t\u00f6bbet szeretn\u00e9k, tanfolyamokb\u00f3l, \u00e9lm\u00e9nyekb\u0151l \u00edgy Budapestre k\u00f6lt\u00f6ztem, ahol 2015 \u00f3ta \u00e9p\u00edtem a vend\u00e9g k\u00f6r\u00f6m.\u00a0<\/p><p>2013 -ban elv\u00e9geztem a szempilla \u00e9p\u00edt\u0151 tanfolyamot, amit az\u00f3ta folyamatosan fejlesztek, \u00faj \u00f6tletekkel, term\u00e9kekkel. 1D- 4D ig \u00e9p\u00edtek, \u00e9s vari\u00e1lhat\u00f3 verzi\u00f3ban is \ud83d\ude42 k\u00edv\u00fcl s\u0171r\u0171bb, (1\/2D, 2\/3D) de az\u00e9rt mindig szem el\u0151tt tartva a szempilla terhelhet\u0151s\u00e9g\u00e9t is. Fontos az el\u0151 \u00e9s ut\u00f3 \u00e1pol\u00e1s!<\/p><p>2015-ben elv\u00e9geztem a Softap technik\u00e1t, ami egy NEM g\u00e9pi tetov\u00e1l\u00e1s m\u00f3dszer, evvel v\u00e9gzek szempilla s\u0171r\u00edt\u0151 vonal tetov\u00e1l\u00e1st, \u00e9s teljes szem\u00f6ld\u00f6k sz\u00ednez\u00e9st.\u00a0<br \/>2022-ben a T\u00fcnde M\u00e9hn PMU Art International Schoolban kitanultam az OMBRE FORTE Satiros szem\u00f6ld\u00f6k tetov\u00e1l\u00e1st, ami szerintem az egyre term\u00e9szetesebb kin\u00e9zetet hozza vissza!\u00a0<\/p><p>T\u00f6bb smink oktat\u00e1son vettem r\u00e9szt amit \u00e1ltal\u00e1ban nappali, alkalmi sminkekben szoktak k\u00e9rni a vend\u00e9gek.<\/p><p>2022ben mesopen tanfolyamot is elv\u00e9geztem, megfigyeltem melyik arckezel\u00e9s lenne ide\u00e1lis, ami el\u00e9rhet\u0151 a vend\u00e9geknek, \u00e9s tart\u00f3s is tud lenni, mesopen kezel\u00e9s nekem nagyon megtetszett a kett\u0151s hat\u00e1sa miatt is.<\/p>\t\t\t\t\t\t\t\t<\/div>\n\t\t\t\t\t<\/div>\n\t\t<\/div>\n\t\t\t\t\t<\/div>\n\t\t<\/section>\n\t\t\t\t<div class=\"elementor-element elementor-element-dfymetp elementor-widget elementor-widget-heading\" data-id=\"dfymetp\" data-element_type=\"widget\" data-widget_type=\"heading.default\">\n\t\t\t\t\t<h2 class=\"elementor-heading-title elementor-size-default\">Keress b\u00e1tran!<\/h2>\t\t\t\t<\/div>\n\t\t\t\t<section class=\"elementor-section elementor-inner-section elementor-element elementor-element-m57tqq6 elementor-section-boxed elementor-section-height-default elementor-section-height-default\" data-id=\"m57tqq6\" data-element_type=\"section\">\n\t\t\t\t\t\t<div class=\"elementor-container elementor-column-gap-default\">\n\t\t\t\t\t<div class=\"elementor-column elementor-col-100 elementor-inner-column elementor-element elementor-element-s5pyeph\" data-id=\"s5pyeph\" data-element_type=\"column\">\n\t\t\t<div class=\"elementor-widget-wrap elementor-element-populated\">\n\t\t\t\t\t\t<div class=\"elementor-element elementor-element-luw8n0a elementor-widget elementor-widget-text-editor\" data-id=\"luw8n0a\" data-element_type=\"widget\" data-widget_type=\"text-editor.default\">\n\t\t\t\t\t\t\t\t\t<h3>H\u00edvj:<\/h3><p>+36706716441<\/p><h3>K\u00fcldj\u00a0 emailt:<\/h3><p>fboszepseg@gmail.com<\/p>\t\t\t\t\t\t\t\t<\/div>\n\t\t\t\t\t<\/div>\n\t\t<\/div>\n\t\t\t\t\t<\/div>\n\t\t<\/section>\n\t\t\t\t\t<\/div>\n\t\t<\/div>\n\t\t\t\t\t<\/div>\n\t\t<\/section>\n\t\t\t\t<\/div>\n\t\t","protected":false},"excerpt":{"rendered":"<p>R\u00f3lam Kozmetikus Nyers \u00c1gnes vagyok, t\u00f6bb mint t\u00edz \u00e9ve kozmetikusk\u00e9nt dolgozom. Szeretem a szakm\u00e1m, folyamatosan k\u00e9pzem magam a kozmetika ter\u00fcletein bel\u00fcl, figyelem az \u00faj\u00edt\u00e1sokat, de ami j\u00f3 \u00e9s bev\u00e1lt igyekszem megtartani!\u00a0 Keress b\u00e1tran Ki vagyok \u00e9n? 2010ben v\u00e9geztem mint kozmetikus, P\u00e9csen. Itt kezdtem a munk\u00e1t is, de \u00e9reztem hogy t\u00f6bbet szeretn\u00e9k, tanfolyamokb\u00f3l, \u00e9lm\u00e9nyekb\u0151l \u00edgy Budapestre [&hellip;]<\/p>\n","protected":false},"author":3,"featured_media":0,"parent":0,"menu_order":0,"comment_status":"closed","ping_status":"closed","template":"","meta":{"footnotes":""},"class_list":["post-420","page","type-page","status-publish","hentry","entry"],"_links":{"self":[{"href":"https:\/\/aginyers.hu\/index.php?rest_route=\/wp\/v2\/pages\/420","targetHints":{"allow":["GET"]}}],"collection":[{"href":"https:\/\/aginyers.hu\/index.php?rest_route=\/wp\/v2\/pages"}],"about":[{"href":"https:\/\/aginyers.hu\/index.php?rest_route=\/wp\/v2\/types\/page"}],"author":[{"embeddable":true,"href":"https:\/\/aginyers.hu\/index.php?rest_route=\/wp\/v2\/users\/3"}],"replies":[{"embeddable":true,"href":"https:\/\/aginyers.hu\/index.php?rest_route=%2Fwp%2Fv2%2Fcomments&post=420"}],"version-history":[{"count":113,"href":"https:\/\/aginyers.hu\/index.php?rest_route=\/wp\/v2\/pages\/420\/revisions"}],"predecessor-version":[{"id":3842,"href":"https:\/\/aginyers.hu\/index.php?rest_route=\/wp\/v2\/pages\/420\/revisions\/3842"}],"wp:attachment":[{"href":"https:\/\/aginyers.hu\/index.php?rest_route=%2Fwp%2Fv2%2Fmedia&parent=420"}],"curies":[{"name":"wp","href":"https:\/\/api.w.org\/{rel}","templated":true}]}}