{"id":982,"date":"2022-12-11T14:33:32","date_gmt":"2022-12-11T14:33:32","guid":{"rendered":"https:\/\/aginyers.hu\/?page_id=982"},"modified":"2023-01-04T07:59:11","modified_gmt":"2023-01-04T07:59:11","slug":"szabalyzat","status":"publish","type":"page","link":"https:\/\/aginyers.hu\/?page_id=982","title":{"rendered":"Szab\u00e1lyzat"},"content":{"rendered":"\t\t<div data-elementor-type=\"wp-page\" data-elementor-id=\"982\" class=\"elementor elementor-982\">\n\t\t\t\t\t\t<section class=\"elementor-section elementor-top-section elementor-element elementor-element-f2fe4fb elementor-section-boxed elementor-section-height-default elementor-section-height-default\" data-id=\"f2fe4fb\" data-element_type=\"section\">\n\t\t\t\t\t\t<div class=\"elementor-container elementor-column-gap-default\">\n\t\t\t\t\t<div class=\"elementor-column elementor-col-100 elementor-top-column elementor-element elementor-element-0358f48\" data-id=\"0358f48\" data-element_type=\"column\">\n\t\t\t<div class=\"elementor-widget-wrap elementor-element-populated\">\n\t\t\t\t\t\t<div class=\"elementor-element elementor-element-36740e6 elementor-widget elementor-widget-heading\" data-id=\"36740e6\" data-element_type=\"widget\" data-widget_type=\"heading.default\">\n\t\t\t\t\t<h2 class=\"elementor-heading-title elementor-size-xl\">Szalon etikett<\/h2>\t\t\t\t<\/div>\n\t\t\t\t\t<\/div>\n\t\t<\/div>\n\t\t\t\t\t<\/div>\n\t\t<\/section>\n\t\t\t\t<section class=\"elementor-section elementor-top-section elementor-element elementor-element-3ac88b90 elementor-section-boxed elementor-section-height-default elementor-section-height-default\" data-id=\"3ac88b90\" data-element_type=\"section\">\n\t\t\t\t\t\t<div class=\"elementor-container elementor-column-gap-default\">\n\t\t\t\t\t<div class=\"elementor-column elementor-col-100 elementor-top-column elementor-element elementor-element-62f6486e\" data-id=\"62f6486e\" data-element_type=\"column\">\n\t\t\t<div class=\"elementor-widget-wrap elementor-element-populated\">\n\t\t\t\t\t\t<div class=\"elementor-element elementor-element-20b7a9a0 elementor-widget elementor-widget-text-editor\" data-id=\"20b7a9a0\" data-element_type=\"widget\" data-widget_type=\"text-editor.default\">\n\t\t\t\t\t\t\t\t\t<p style=\"text-align: left;\"><strong><span style=\"text-decoration: underline;\">1. Id\u0151pont lemond\u00e1s: <\/span><\/strong><\/p><p style=\"text-align: left;\">Id\u0151pontod el\u0151tt 24 \u00f3r\u00e1val t\u00f6rt\u00e9njen meg, hogy lehet\u0151s\u00e9gem legyen \u00e1tszervezni a napot. Ha ez nem t\u00f6rt\u00e9nik meg a kezel\u00e9s k\u00f6lts\u00e9g 50%\u00e1t felsz\u00e1m\u00edtom a legk\u00f6zelebbi id\u0151pontn\u00e1l. Ha h\u00e1rom alkalom ut\u00e1n is k\u00e9s\u0151n t\u00f6rt\u00e9nik az id\u0151pont lemond\u00e1s el\u0151re fizetett id\u0151pont lehets\u00e9ges.<\/p><p><span style=\"text-decoration: underline;\"><strong>2. Eml\u00e9keztet\u0151:<\/strong> <\/span><\/p><p>Id\u0151pontodr\u00f3l eml\u00e9keztet\u0151 \u00fczenetet k\u00fcld\u00f6k, legk\u00e9s\u0151bb el\u0151tte nap, ha ez nem t\u00f6rt\u00e9nne meg, k\u00e9rlek jelentkezz estig, hogy pontos\u00edtsunk.<\/p><p><span style=\"text-decoration: underline;\"><strong>3. Betegs\u00e9g:<\/strong><\/span><\/p><p>B\u00e1rkivel el\u0151fordulhat, meg\u00e9rt\u0151 vagyok, aznapi lemond\u00e1s is lehets\u00e9ges, ha r\u00e9szemr\u0151l fordul el\u0151 igyekszem p\u00f3tolni az id\u0151pontot. Ha a egym\u00e1s ut\u00e1ni id\u0151pont lemond\u00e1s is megt\u00f6rt\u00e9nik ilyen \u00fcr\u00fcggyel, akkor sajnos nem fogok tudni t\u00f6bb id\u0151pontot adni.<\/p><p><span style=\"text-decoration: underline;\"><strong>4. Bejelentkez\u00e9s:<\/strong><\/span><\/p><p>El\u0151re tel\u00edtett a napt\u00e1r, \u00edgy azonnal nem tudok vend\u00e9get fogadni, el\u0151zetes bejelentkez\u00e9s sz\u00fcks\u00e9ges.<\/p><p><span style=\"text-decoration: underline;\"><strong>5. K\u00e9s\u00e9s:<\/strong><\/span><\/p><p>Saj\u00e1t id\u0151b\u0151l megy, sajnos nem mindig van lehet\u0151s\u00e9g id\u0151 cs\u00fasztat\u00e1sra, negyed \u00f3r\u00e1t be lehet p\u00f3tolni, de t\u00f6bb id\u0151n\u00e9l egyeztess\u00fcnk. A min\u0151s\u00e9gi munka v\u00e9gz\u00e9s miatt mindenkinek elegend\u0151 id\u0151t hagyok a szolg\u00e1ltat\u00e1sra. K\u00e9rlek tartsuk tiszteletben egym\u00e1s idej\u00e9t.<\/p><p><strong><span style=\"text-decoration: underline;\">6.Kezel\u00e9sek:<\/span><\/strong><\/p><p>Hozott anyaggal t\u00f6rt\u00e9n\u0151 kezel\u00e9s lehets\u00e9ges, de emiatt garanci\u00e1t nem v\u00e1llalok, \u00e9s \u00e1rban nincs v\u00e1ltoz\u00e1s.<br \/>-kezel\u00e9s id\u0151tartam\u00e1t \u00e9n \u00e1ll\u00edtom \u00f6ssze, ez \u00e1ltal\u00e1ban v\u00e1ltozhat embert\u0151l, kezel\u00e9st\u0151l f\u00fcgg\u0151en, mindig elmondom mennyi id\u0151t vesz ig\u00e9nybe. Ha siet\/k\u00e9sik a vend\u00e9g lehet nem lesz hat\u00e1sos, tart\u00f3s a kezel\u00e9s.<\/p><p><span style=\"text-decoration: underline;\"><strong>7. Fizet\u00e9s:<\/strong><\/span><\/p><p>K\u00e9szp\u00e9nz, azonnali \u00e1tutal\u00e1s, online sz\u00e1ml\u00e1z\u00f3 vagyok \u00edgy ehhez lak c\u00edmet, email c\u00edmet fogok k\u00e9rni.<\/p>\t\t\t\t\t\t\t\t<\/div>\n\t\t\t\t\t<\/div>\n\t\t<\/div>\n\t\t\t\t\t<\/div>\n\t\t<\/section>\n\t\t\t\t<\/div>\n\t\t","protected":false},"excerpt":{"rendered":"<p>Szalon etikett 1. Id\u0151pont lemond\u00e1s: Id\u0151pontod el\u0151tt 24 \u00f3r\u00e1val t\u00f6rt\u00e9njen meg, hogy lehet\u0151s\u00e9gem legyen \u00e1tszervezni a napot. Ha ez nem t\u00f6rt\u00e9nik meg a kezel\u00e9s k\u00f6lts\u00e9g 50%\u00e1t felsz\u00e1m\u00edtom a legk\u00f6zelebbi id\u0151pontn\u00e1l. Ha h\u00e1rom alkalom ut\u00e1n is k\u00e9s\u0151n t\u00f6rt\u00e9nik az id\u0151pont lemond\u00e1s el\u0151re fizetett id\u0151pont lehets\u00e9ges. 2. Eml\u00e9keztet\u0151: Id\u0151pontodr\u00f3l eml\u00e9keztet\u0151 \u00fczenetet k\u00fcld\u00f6k, legk\u00e9s\u0151bb el\u0151tte nap, ha ez [&hellip;]<\/p>\n","protected":false},"author":3,"featured_media":0,"parent":0,"menu_order":0,"comment_status":"closed","ping_status":"closed","template":"","meta":{"footnotes":""},"class_list":["post-982","page","type-page","status-publish","hentry","entry"],"_links":{"self":[{"href":"https:\/\/aginyers.hu\/index.php?rest_route=\/wp\/v2\/pages\/982","targetHints":{"allow":["GET"]}}],"collection":[{"href":"https:\/\/aginyers.hu\/index.php?rest_route=\/wp\/v2\/pages"}],"about":[{"href":"https:\/\/aginyers.hu\/index.php?rest_route=\/wp\/v2\/types\/page"}],"author":[{"embeddable":true,"href":"https:\/\/aginyers.hu\/index.php?rest_route=\/wp\/v2\/users\/3"}],"replies":[{"embeddable":true,"href":"https:\/\/aginyers.hu\/index.php?rest_route=%2Fwp%2Fv2%2Fcomments&post=982"}],"version-history":[{"count":21,"href":"https:\/\/aginyers.hu\/index.php?rest_route=\/wp\/v2\/pages\/982\/revisions"}],"predecessor-version":[{"id":1822,"href":"https:\/\/aginyers.hu\/index.php?rest_route=\/wp\/v2\/pages\/982\/revisions\/1822"}],"wp:attachment":[{"href":"https:\/\/aginyers.hu\/index.php?rest_route=%2Fwp%2Fv2%2Fmedia&parent=982"}],"curies":[{"name":"wp","href":"https:\/\/api.w.org\/{rel}","templated":true}]}}